{"id":231905,"date":"2018-06-02T22:00:04","date_gmt":"2018-06-02T20:00:04","guid":{"rendered":"https:\/\/deshalb.de\/kontakt\/"},"modified":"2026-04-07T09:39:21","modified_gmt":"2026-04-07T07:39:21","slug":"kontakt","status":"publish","type":"page","link":"https:\/\/deshalb.de\/de\/kontakt\/","title":{"rendered":"Kontakt"},"content":{"rendered":"<p>[et_pb_section fb_built=&#8220;1&#8243; admin_label=&#8220;section&#8220; _builder_version=&#8220;4.18.0&#8243; background_color=&#8220;#555555&#8243; background_enable_image=&#8220;off&#8220; parallax=&#8220;on&#8220; custom_padding=&#8220;0px|0px|0px|0px&#8220; custom_padding_tablet=&#8220;0px|0px|0px|0px&#8220; animation_style=&#8220;zoom&#8220; animation_intensity_zoom=&#8220;4%&#8220; transparent_background=&#8220;off&#8220; padding_mobile=&#8220;on&#8220; global_colors_info=&#8220;{}&#8220;][et_pb_row column_structure=&#8220;1_2,1_2&#8243; use_custom_gutter=&#8220;on&#8220; gutter_width=&#8220;1&#8243; padding_mobile=&#8220;on&#8220; make_equal=&#8220;on&#8220; column_padding_mobile=&#8220;on&#8220; admin_label=&#8220;Row&#8220; module_class=&#8220;  et_pb_row_fullwidth&#8220; _builder_version=&#8220;4.16&#8243; background_size=&#8220;initial&#8220; background_position=&#8220;top_left&#8220; background_repeat=&#8220;repeat&#8220; width=&#8220;100%&#8220; width_tablet=&#8220;100%&#8220; width_phone=&#8220;&#8220; width_last_edited=&#8220;on|desktop&#8220; max_width=&#8220;100%&#8220; max_width_tablet=&#8220;100%&#8220; max_width_phone=&#8220;&#8220; max_width_last_edited=&#8220;on|desktop&#8220; custom_margin=&#8220;0px||0px|&#8220; custom_padding=&#8220;0px|0px|0px|0px&#8220; make_fullwidth=&#8220;on&#8220; global_colors_info=&#8220;{}&#8220;][et_pb_column type=&#8220;1_2&#8243; _builder_version=&#8220;4.16&#8243; use_background_color_gradient=&#8220;on&#8220; background_color_gradient_direction=&#8220;90deg&#8220; background_color_gradient_stops=&#8220;rgba(0,0,0,0.6) 29%|#000000 100%&#8220; background_color_gradient_overlays_image=&#8220;on&#8220; background_color_gradient_start=&#8220;rgba(0,0,0,0.6)&#8220; background_color_gradient_start_position=&#8220;29%&#8220; background_color_gradient_end=&#8220;#000000&#8243; background_image=&#8220;https:\/\/deshalb.de\/wp-content\/uploads\/2018\/09\/deshalb_desha_nujsongsinn_graphicdesign_artdirection.gif&#8220; custom_padding=&#8220;|||&#8220; global_colors_info=&#8220;{}&#8220; custom_padding__hover=&#8220;|||&#8220;][et_pb_text _builder_version=&#8220;4.27.6&#8243; text_font=&#8220;Miso Bold|700||on|||||&#8220; text_text_color=&#8220;#ffffff&#8220; text_font_size=&#8220;34px&#8220; text_line_height=&#8220;1.1em&#8220; header_font=&#8220;Miso Bold|||on|||||&#8220; header_text_color=&#8220;#FFFFFF&#8220; header_font_size=&#8220;60px&#8220; background_size=&#8220;initial&#8220; background_position=&#8220;top_left&#8220; background_repeat=&#8220;repeat&#8220; text_orientation=&#8220;center&#8220; module_alignment=&#8220;center&#8220; custom_margin=&#8220;35%|||&#8220; text_font_size_tablet=&#8220;40px&#8220; text_font_size_phone=&#8220;30px&#8220; text_font_size_last_edited=&#8220;on|phone&#8220; header_font_size_tablet=&#8220;70px&#8220; header_font_size_phone=&#8220;53px&#8220; header_font_size_last_edited=&#8220;on|tablet&#8220; use_border_color=&#8220;off&#8220; border_color=&#8220;#ffffff&#8220; border_style=&#8220;solid&#8220; global_colors_info=&#8220;{}&#8220;]<\/p>\n<p><b>Ein Projekt in Planung?<\/b><\/p>\n<h1>Kontakt aufnehmen.<\/h1>\n<p>[\/et_pb_text][et_pb_text _builder_version=&#8220;4.16&#8243; text_font=&#8220;||||||||&#8220; text_text_color=&#8220;#cdcece&#8220; text_font_size=&#8220;24&#8243; text_letter_spacing=&#8220;1px&#8220; background_size=&#8220;initial&#8220; background_position=&#8220;top_left&#8220; background_repeat=&#8220;repeat&#8220; text_orientation=&#8220;center&#8220; module_alignment=&#8220;center&#8220; custom_margin=&#8220;1%||25%|&#8220; use_border_color=&#8220;off&#8220; border_color=&#8220;#ffffff&#8220; border_style=&#8220;solid&#8220; global_colors_info=&#8220;{}&#8220;][\/et_pb_text][\/et_pb_column][et_pb_column type=&#8220;1_2&#8243; _builder_version=&#8220;4.16&#8243; background_color=&#8220;#000000&#8243; custom_padding=&#8220;11%|9%|11%|9%&#8220; custom_padding_tablet=&#8220;8%|4%|7%|4%&#8220; custom_padding_phone=&#8220;6%|4%|6%|4%&#8220; custom_padding_last_edited=&#8220;on|desktop&#8220; global_colors_info=&#8220;{}&#8220; padding_phone=&#8220;6%|4%|6%|4%&#8220; padding_tablet=&#8220;8%|4%|7%|4%&#8220; padding_last_edited=&#8220;on|desktop&#8220; custom_padding__hover=&#8220;|||&#8220;][et_pb_text _builder_version=&#8220;4.27.6&#8243; _module_preset=&#8220;default&#8220; text_text_color=&#8220;#FFFFFF&#8220; text_font_size=&#8220;24px&#8220; link_text_color=&#8220;#FFFFFF&#8220; link_line_height=&#8220;1.4em&#8220; custom_margin=&#8220;-100px||||false|false&#8220; custom_margin_tablet=&#8220;0px||||false|false&#8220; custom_margin_phone=&#8220;0px||||false|false&#8220; custom_margin_last_edited=&#8220;on|phone&#8220; custom_padding=&#8220;||28px||false|false&#8220; border_width_bottom=&#8220;1px&#8220; border_color_bottom=&#8220;#FFFFFF&#8220; inline_fonts=&#8220;Miso light&#8220; global_colors_info=&#8220;{}&#8220; link_letter_spacing__hover_enabled=&#8220;on|hover&#8220; link_letter_spacing__hover=&#8220;1px&#8220;]<\/p>\n<p class=\"p1\"><span style=\"font-family: 'Miso light';\">Wer Klarheit, Substanz und Wirkung sch\u00e4tzt, ist hier richtig. Ob Neues entstehen soll oder Bestehendes weitergedacht wird\u00a0&#45; der Anfang ist einfach: ein Gespr\u00e4ch. <\/span><\/p>\n<p class=\"p1\"><span style=\"font-family: 'Miso light';\">Eine kurze Beschreibung des Projekts, des Kontexts oder der Herausforderung reicht, und wir schauen gemeinsam, was sinnvoll ist.<\/span><span style=\"font-family: 'Miso light';\"><\/span><\/p>\n<p class=\"p1\"><span style=\"font-family: 'Miso Bold'; font-weight: normal; color: #ffffff;\"><a style=\"color: #ffffff;\" href=\"mailto:info@deshalb.de\">info@deshalb.de<\/a><br \/><\/span><span style=\"font-family: 'Miso Bold'; font-weight: normal; color: #ffffff;\"><a href=\"tel:+4981659028455\">+49 (0) 8165 9028 455<\/a><\/span><span style=\"font-family: 'Miso Bold'; font-weight: normal; color: #ffffff;\"><\/span><\/p>\n<p><span style=\"font-family: 'Miso Bold'; font-weight: normal; color: #ffffff;\"><a href=\"https:\/\/www.linkedin.com\/company\/deshalb-\/\">linkedin <\/a> <a style=\"color: #ffffff;\" href=\"https:\/\/www.behance.net\/studiodeshalb\" target=\"_blank\" rel=\"noopener noreferrer\">behance<\/a> <a href=\"https:\/\/www.instagram.com\/deshalbpunkt\" target=\"_blank\" rel=\"noopener\">instagram<\/a><br \/><\/span><span style=\"font-family: 'Miso light';\"><\/span><\/p>\n<p>[\/et_pb_text][et_pb_contact_form email=&#8220;info@deshalb.de&#8220; title=&#8220;PROJEKTANFRAGE:&#8220; custom_message=&#8220;Name: %%name%%||et_pb_line_break_holder||Email: %%email%%||et_pb_line_break_holder||Phone: %%phone%%||et_pb_line_break_holder||Project Type: %%Project_Type%%||et_pb_line_break_holder||||et_pb_line_break_holder||Message:||et_pb_line_break_holder||%%message%%||et_pb_line_break_holder||||et_pb_line_break_holder||GDPR Notice: %%GDPR_notice%%&#8220; submit_button_text=&#8220;ABSENDEN&#8220; _builder_version=&#8220;4.27.6&#8243; _module_preset=&#8220;default&#8220; _unique_id=&#8220;75e46346-77b6-4635-9156-fe66e7d45038&#8243; form_field_text_color=&#8220;#000000&#8243; title_text_color=&#8220;#FFFFFF&#8220; captcha_text_color=&#8220;#FFFFFF&#8220; captcha_font_size=&#8220;20px&#8220; captcha_letter_spacing=&#8220;1px&#8220; form_field_font=&#8220;&#8211;et_global_body_font||||||||&#8220; form_field_font_size=&#8220;20px&#8220; custom_button=&#8220;on&#8220; button_text_color=&#8220;#FFFFFF&#8220; button_border_radius=&#8220;50px&#8220; button_letter_spacing=&#8220;2px&#8220; button_font=&#8220;Miso||||||||&#8220; button_use_icon=&#8220;off&#8220; custom_margin=&#8220;28px||||false|false&#8220; hover_enabled=&#8220;0&#8243; global_colors_info=&#8220;{}&#8220; button_letter_spacing__hover_enabled=&#8220;on|hover&#8220; button_letter_spacing__hover=&#8220;3px&#8220; button_bg_color__hover_enabled=&#8220;on|hover&#8220; button_bg_color__hover=&#8220;#FFFFFF&#8220; button_bg_enable_color__hover=&#8220;on&#8220; button_text_color__hover_enabled=&#8220;on|hover&#8220; button_text_color__hover=&#8220;#000000&#8243; button_border_width__hover_enabled=&#8220;on|hover&#8220; button_border_width__hover=&#8220;2px&#8220; button_border_color__hover_enabled=&#8220;on|hover&#8220; button_border_color__hover=&#8220;#FFFFFF&#8220; border_radii=&#8220;on|6px|6px|6px|6px&#8220; sticky_enabled=&#8220;0&#8243;][et_pb_contact_field field_id=&#8220;Name&#8220; field_title=&#8220;Name&#8220; _builder_version=&#8220;4.27.6&#8243; global_colors_info=&#8220;{}&#8220; button_text_size__hover_enabled=&#8220;off&#8220; button_one_text_size__hover_enabled=&#8220;off&#8220; button_two_text_size__hover_enabled=&#8220;off&#8220; button_text_color__hover_enabled=&#8220;off&#8220; button_one_text_color__hover_enabled=&#8220;off&#8220; button_two_text_color__hover_enabled=&#8220;off&#8220; button_border_width__hover_enabled=&#8220;off&#8220; button_one_border_width__hover_enabled=&#8220;off&#8220; button_two_border_width__hover_enabled=&#8220;off&#8220; button_border_color__hover_enabled=&#8220;off&#8220; button_one_border_color__hover_enabled=&#8220;off&#8220; button_two_border_color__hover_enabled=&#8220;off&#8220; button_border_radius__hover_enabled=&#8220;off&#8220; button_one_border_radius__hover_enabled=&#8220;off&#8220; button_two_border_radius__hover_enabled=&#8220;off&#8220; button_letter_spacing__hover_enabled=&#8220;off&#8220; button_one_letter_spacing__hover_enabled=&#8220;off&#8220; button_two_letter_spacing__hover_enabled=&#8220;off&#8220; button_bg_color__hover_enabled=&#8220;off&#8220; button_one_bg_color__hover_enabled=&#8220;off&#8220; button_two_bg_color__hover_enabled=&#8220;off&#8220;][\/et_pb_contact_field][et_pb_contact_field field_id=&#8220;Email&#8220; field_title=&#8220;E-Mail Adresse&#8220; field_type=&#8220;email&#8220; _builder_version=&#8220;4.27.6&#8243; global_colors_info=&#8220;{}&#8220; button_text_size__hover_enabled=&#8220;off&#8220; button_one_text_size__hover_enabled=&#8220;off&#8220; button_two_text_size__hover_enabled=&#8220;off&#8220; button_text_color__hover_enabled=&#8220;off&#8220; button_one_text_color__hover_enabled=&#8220;off&#8220; button_two_text_color__hover_enabled=&#8220;off&#8220; button_border_width__hover_enabled=&#8220;off&#8220; button_one_border_width__hover_enabled=&#8220;off&#8220; button_two_border_width__hover_enabled=&#8220;off&#8220; button_border_color__hover_enabled=&#8220;off&#8220; button_one_border_color__hover_enabled=&#8220;off&#8220; button_two_border_color__hover_enabled=&#8220;off&#8220; button_border_radius__hover_enabled=&#8220;off&#8220; button_one_border_radius__hover_enabled=&#8220;off&#8220; button_two_border_radius__hover_enabled=&#8220;off&#8220; button_letter_spacing__hover_enabled=&#8220;off&#8220; button_one_letter_spacing__hover_enabled=&#8220;off&#8220; button_two_letter_spacing__hover_enabled=&#8220;off&#8220; button_bg_color__hover_enabled=&#8220;off&#8220; button_one_bg_color__hover_enabled=&#8220;off&#8220; button_two_bg_color__hover_enabled=&#8220;off&#8220;][\/et_pb_contact_field][et_pb_contact_field field_id=&#8220;Phone&#8220; field_title=&#8220;Telefonnummer&#8220; required_mark=&#8220;off&#8220; _builder_version=&#8220;4.27.6&#8243; _module_preset=&#8220;default&#8220; global_colors_info=&#8220;{}&#8220;][\/et_pb_contact_field][et_pb_contact_field field_id=&#8220;Project_Type&#8220; field_title=&#8220;Projektart&#8220; field_type=&#8220;select&#8220; select_options=&#8220;%91{%22value%22:%22Markenstrategie &#038; Positionierung%22,%22checked%22:0,%22dragID%22:-1},{%22value%22:%22Markenberatung%22,%22checked%22:0,%22dragID%22:0},{%22value%22:%22Creative Direction &#038; Art Direction%22,%22checked%22:0,%22dragID%22:1},{%22value%22:%22Markenidentit\u00e4t &#038; visuelle Systeme%22,%22checked%22:0,%22dragID%22:2},{%22value%22:%22Grafikdesign (Print &#038; Digital)%22,%22checked%22:0,%22dragID%22:3},{%22value%22:%22Webdesign &#038; CMS-Entwicklung%22,%22checked%22:0,%22dragID%22:4},{%22value%22:%22UI\/UX &#038; App-Design%22,%22checked%22:0,%22dragID%22:5},{%22value%22:%22Verpackungsdesign%22,%22checked%22:0,%22dragID%22:6},{%22value%22:%22Messe- und Ausstellungsdesign%22,%22checked%22:0,%22dragID%22:7},{%22value%22:%22Namensgebung &#038; Copywriting%22,%22checked%22:0,%22dragID%22:8},{%22value%22:%22Illustration%22,%22checked%22:0,%22dragID%22:9},{%22value%22:%22Fotografie%22,%22checked%22:0,%22dragID%22:10},{%22value%22:%22Allgemeine Anfrage%22,%22checked%22:0,%22dragID%22:11}%93&#8243; required_mark=&#8220;off&#8220; _builder_version=&#8220;4.27.6&#8243; _module_preset=&#8220;default&#8220; global_colors_info=&#8220;{}&#8220;][\/et_pb_contact_field][et_pb_contact_field field_id=&#8220;Message&#8220; field_title=&#8220;Nachricht&#8220; field_type=&#8220;text&#8220; fullwidth_field=&#8220;on&#8220; _builder_version=&#8220;4.27.6&#8243; global_colors_info=&#8220;{}&#8220; button_text_size__hover_enabled=&#8220;off&#8220; button_one_text_size__hover_enabled=&#8220;off&#8220; button_two_text_size__hover_enabled=&#8220;off&#8220; button_text_color__hover_enabled=&#8220;off&#8220; button_one_text_color__hover_enabled=&#8220;off&#8220; button_two_text_color__hover_enabled=&#8220;off&#8220; button_border_width__hover_enabled=&#8220;off&#8220; button_one_border_width__hover_enabled=&#8220;off&#8220; button_two_border_width__hover_enabled=&#8220;off&#8220; button_border_color__hover_enabled=&#8220;off&#8220; button_one_border_color__hover_enabled=&#8220;off&#8220; button_two_border_color__hover_enabled=&#8220;off&#8220; button_border_radius__hover_enabled=&#8220;off&#8220; button_one_border_radius__hover_enabled=&#8220;off&#8220; button_two_border_radius__hover_enabled=&#8220;off&#8220; button_letter_spacing__hover_enabled=&#8220;off&#8220; button_one_letter_spacing__hover_enabled=&#8220;off&#8220; button_two_letter_spacing__hover_enabled=&#8220;off&#8220; button_bg_color__hover_enabled=&#8220;off&#8220; button_one_bg_color__hover_enabled=&#8220;off&#8220; button_two_bg_color__hover_enabled=&#8220;off&#8220;][\/et_pb_contact_field][et_pb_contact_field field_id=&#8220;GDPR_notice&#8220; field_title=&#8220; &#8220; field_type=&#8220;checkbox&#8220; checkbox_options=&#8220;%91{%22value%22:%22Mit dem Absenden dieses Formulars werden die angegebenen Daten verarbeitet, um Ihre Anfrage zu beantworten. Weitere Informationen finden Sie in der Datenschutzerkl\u00e4rung.%22,%22checked%22:0,%22dragID%22:-1,%22link_url%22:%22https:\/\/deshalb.de\/de\/datenschutzerkl\u00e4rung%22}%93&#8243; required_mark=&#8220;off&#8220; fullwidth_field=&#8220;on&#8220; _builder_version=&#8220;4.27.6&#8243; _module_preset=&#8220;default&#8220; form_field_text_color=&#8220;#FFFFFF&#8220; global_colors_info=&#8220;{}&#8220;][\/et_pb_contact_field][\/et_pb_contact_form][\/et_pb_column][\/et_pb_row][\/et_pb_section]<\/p>\n","protected":false},"excerpt":{"rendered":"<p>Ein Projekt in Planung? Kontakt aufnehmen.Wer Klarheit, Substanz und Wirkung sch\u00e4tzt, ist hier richtig. Ob Neues entstehen soll oder Bestehendes weitergedacht wird\u00a0&#45; der Anfang ist einfach: ein Gespr\u00e4ch. Eine kurze [&hellip;]<\/p>\n","protected":false},"author":1,"featured_media":0,"parent":0,"menu_order":0,"comment_status":"closed","ping_status":"closed","template":"","meta":{"_et_pb_use_builder":"on","_et_pb_old_content":"","_et_gb_content_width":"","footnotes":""},"dipi_cpt_category":[],"class_list":["post-231905","page","type-page","status-publish","hentry"],"yoast_head":"<!-- This site is optimized with the Yoast SEO Premium plugin v27.4 (Yoast SEO v27.4) - https:\/\/yoast.com\/product\/yoast-seo-premium-wordpress\/ -->\n<title>Kontakt: Beratung, Branding &amp; Design - deshalb.de<\/title>\n<meta name=\"description\" content=\"F\u00fcr Projektanfragen und individuelle Anforderungen: professionelle kreative Leistungen und L\u00f6sungen f\u00fcr Unternehmen und Einzelpersonen.\" \/>\n<meta name=\"robots\" content=\"index, follow, max-snippet:-1, max-image-preview:large, max-video-preview:-1\" \/>\n<link rel=\"canonical\" href=\"https:\/\/deshalb.de\/de\/kontakt\/\" \/>\n<meta property=\"og:locale\" content=\"de_DE\" \/>\n<meta property=\"og:type\" content=\"article\" \/>\n<meta property=\"og:title\" content=\"Kontakt\" \/>\n<meta property=\"og:description\" content=\"F\u00fcr Projektanfragen und individuelle Anforderungen: professionelle kreative Leistungen und L\u00f6sungen f\u00fcr Unternehmen und Einzelpersonen.\" \/>\n<meta property=\"og:url\" content=\"https:\/\/deshalb.de\/de\/kontakt\/\" \/>\n<meta property=\"og:site_name\" content=\"deshalb.de\" \/>\n<meta property=\"article:modified_time\" content=\"2026-04-07T07:39:21+00:00\" \/>\n<meta property=\"og:image\" content=\"https:\/\/deshalb.de\/wp-content\/uploads\/2020\/03\/deshalb_DeshaNujsongsinn_logofolio_logodesign_logo_branding2.gif\" \/>\n\t<meta property=\"og:image:width\" content=\"683\" \/>\n\t<meta property=\"og:image:height\" content=\"683\" \/>\n\t<meta property=\"og:image:type\" content=\"image\/gif\" \/>\n<meta name=\"twitter:card\" content=\"summary_large_image\" \/>\n<meta name=\"twitter:label1\" content=\"Gesch\u00e4tzte Lesezeit\" \/>\n\t<meta name=\"twitter:data1\" content=\"1\u00a0Minute\" \/>\n<script type=\"application\/ld+json\" class=\"yoast-schema-graph\">{\"@context\":\"https:\\\/\\\/schema.org\",\"@graph\":[{\"@type\":\"WebPage\",\"@id\":\"https:\\\/\\\/deshalb.de\\\/de\\\/kontakt\\\/\",\"url\":\"https:\\\/\\\/deshalb.de\\\/de\\\/kontakt\\\/\",\"name\":\"Kontakt: Beratung, Branding & Design - deshalb.de\",\"isPartOf\":{\"@id\":\"https:\\\/\\\/deshalb.de\\\/de\\\/#website\"},\"datePublished\":\"2018-06-02T20:00:04+00:00\",\"dateModified\":\"2026-04-07T07:39:21+00:00\",\"description\":\"F\u00fcr Projektanfragen und individuelle Anforderungen: professionelle kreative Leistungen und L\u00f6sungen f\u00fcr Unternehmen und Einzelpersonen.\",\"breadcrumb\":{\"@id\":\"https:\\\/\\\/deshalb.de\\\/de\\\/kontakt\\\/#breadcrumb\"},\"inLanguage\":\"de\",\"potentialAction\":[{\"@type\":\"ReadAction\",\"target\":[\"https:\\\/\\\/deshalb.de\\\/de\\\/kontakt\\\/\"]}]},{\"@type\":\"BreadcrumbList\",\"@id\":\"https:\\\/\\\/deshalb.de\\\/de\\\/kontakt\\\/#breadcrumb\",\"itemListElement\":[{\"@type\":\"ListItem\",\"position\":1,\"name\":\"Startseite\",\"item\":\"https:\\\/\\\/deshalb.de\\\/de\\\/\"},{\"@type\":\"ListItem\",\"position\":2,\"name\":\"Kontakt\"}]},{\"@type\":\"WebSite\",\"@id\":\"https:\\\/\\\/deshalb.de\\\/de\\\/#website\",\"url\":\"https:\\\/\\\/deshalb.de\\\/de\\\/\",\"name\":\"deshalb.de\",\"description\":\"deshalb. | D\u00e9sha Nujsongsinn Art Direction &amp; Design\",\"publisher\":{\"@id\":\"https:\\\/\\\/deshalb.de\\\/de\\\/#organization\"},\"potentialAction\":[{\"@type\":\"SearchAction\",\"target\":{\"@type\":\"EntryPoint\",\"urlTemplate\":\"https:\\\/\\\/deshalb.de\\\/de\\\/?s={search_term_string}\"},\"query-input\":{\"@type\":\"PropertyValueSpecification\",\"valueRequired\":true,\"valueName\":\"search_term_string\"}}],\"inLanguage\":\"de\"},{\"@type\":\"Organization\",\"@id\":\"https:\\\/\\\/deshalb.de\\\/de\\\/#organization\",\"name\":\"deshalb. | Desha Nujsongsinn\",\"url\":\"https:\\\/\\\/deshalb.de\\\/de\\\/\",\"logo\":{\"@type\":\"ImageObject\",\"inLanguage\":\"de\",\"@id\":\"https:\\\/\\\/deshalb.de\\\/de\\\/#\\\/schema\\\/logo\\\/image\\\/\",\"url\":\"https:\\\/\\\/deshalb.de\\\/wp-content\\\/uploads\\\/2018\\\/09\\\/deshalb_logo-1.png\",\"contentUrl\":\"https:\\\/\\\/deshalb.de\\\/wp-content\\\/uploads\\\/2018\\\/09\\\/deshalb_logo-1.png\",\"width\":780,\"height\":206,\"caption\":\"deshalb. | Desha Nujsongsinn\"},\"image\":{\"@id\":\"https:\\\/\\\/deshalb.de\\\/de\\\/#\\\/schema\\\/logo\\\/image\\\/\"},\"sameAs\":[\"https:\\\/\\\/www.instagram.com\\\/deshalbpunkt\\\/\",\"https:\\\/\\\/www.linkedin.com\\\/company\\\/deshalb-\",\"https:\\\/\\\/www.behance.net\\\/studiodeshalb\"],\"description\":\"Design may not change the world. The brands we help to create do. \u00abdeshalb.\u00bb is an independent design studio based in Germany. At \u00abdeshalb.\u00bb we shape visionary brands, curating experiences and campaigns that stand out. We stir up a bold cocktail of forward-thinking creativity, relentless optimism, and contagious energy to build something extraordinary. Our strategy involves technology and design to make every interaction with a brand leave an impact.\"}]}<\/script>\n<!-- \/ Yoast SEO Premium plugin. -->","yoast_head_json":{"title":"Kontakt: Beratung, Branding & Design - deshalb.de","description":"F\u00fcr Projektanfragen und individuelle Anforderungen: professionelle kreative Leistungen und L\u00f6sungen f\u00fcr Unternehmen und Einzelpersonen.","robots":{"index":"index","follow":"follow","max-snippet":"max-snippet:-1","max-image-preview":"max-image-preview:large","max-video-preview":"max-video-preview:-1"},"canonical":"https:\/\/deshalb.de\/de\/kontakt\/","og_locale":"de_DE","og_type":"article","og_title":"Kontakt","og_description":"F\u00fcr Projektanfragen und individuelle Anforderungen: professionelle kreative Leistungen und L\u00f6sungen f\u00fcr Unternehmen und Einzelpersonen.","og_url":"https:\/\/deshalb.de\/de\/kontakt\/","og_site_name":"deshalb.de","article_modified_time":"2026-04-07T07:39:21+00:00","og_image":[{"width":683,"height":683,"url":"https:\/\/deshalb.de\/wp-content\/uploads\/2020\/03\/deshalb_DeshaNujsongsinn_logofolio_logodesign_logo_branding2.gif","type":"image\/gif"}],"twitter_card":"summary_large_image","twitter_misc":{"Gesch\u00e4tzte Lesezeit":"1\u00a0Minute"},"schema":{"@context":"https:\/\/schema.org","@graph":[{"@type":"WebPage","@id":"https:\/\/deshalb.de\/de\/kontakt\/","url":"https:\/\/deshalb.de\/de\/kontakt\/","name":"Kontakt: Beratung, Branding & Design - deshalb.de","isPartOf":{"@id":"https:\/\/deshalb.de\/de\/#website"},"datePublished":"2018-06-02T20:00:04+00:00","dateModified":"2026-04-07T07:39:21+00:00","description":"F\u00fcr Projektanfragen und individuelle Anforderungen: professionelle kreative Leistungen und L\u00f6sungen f\u00fcr Unternehmen und Einzelpersonen.","breadcrumb":{"@id":"https:\/\/deshalb.de\/de\/kontakt\/#breadcrumb"},"inLanguage":"de","potentialAction":[{"@type":"ReadAction","target":["https:\/\/deshalb.de\/de\/kontakt\/"]}]},{"@type":"BreadcrumbList","@id":"https:\/\/deshalb.de\/de\/kontakt\/#breadcrumb","itemListElement":[{"@type":"ListItem","position":1,"name":"Startseite","item":"https:\/\/deshalb.de\/de\/"},{"@type":"ListItem","position":2,"name":"Kontakt"}]},{"@type":"WebSite","@id":"https:\/\/deshalb.de\/de\/#website","url":"https:\/\/deshalb.de\/de\/","name":"deshalb.de","description":"deshalb. | D\u00e9sha Nujsongsinn Art Direction &amp; Design","publisher":{"@id":"https:\/\/deshalb.de\/de\/#organization"},"potentialAction":[{"@type":"SearchAction","target":{"@type":"EntryPoint","urlTemplate":"https:\/\/deshalb.de\/de\/?s={search_term_string}"},"query-input":{"@type":"PropertyValueSpecification","valueRequired":true,"valueName":"search_term_string"}}],"inLanguage":"de"},{"@type":"Organization","@id":"https:\/\/deshalb.de\/de\/#organization","name":"deshalb. | Desha Nujsongsinn","url":"https:\/\/deshalb.de\/de\/","logo":{"@type":"ImageObject","inLanguage":"de","@id":"https:\/\/deshalb.de\/de\/#\/schema\/logo\/image\/","url":"https:\/\/deshalb.de\/wp-content\/uploads\/2018\/09\/deshalb_logo-1.png","contentUrl":"https:\/\/deshalb.de\/wp-content\/uploads\/2018\/09\/deshalb_logo-1.png","width":780,"height":206,"caption":"deshalb. | Desha Nujsongsinn"},"image":{"@id":"https:\/\/deshalb.de\/de\/#\/schema\/logo\/image\/"},"sameAs":["https:\/\/www.instagram.com\/deshalbpunkt\/","https:\/\/www.linkedin.com\/company\/deshalb-","https:\/\/www.behance.net\/studiodeshalb"],"description":"Design may not change the world. The brands we help to create do. \u00abdeshalb.\u00bb is an independent design studio based in Germany. At \u00abdeshalb.\u00bb we shape visionary brands, curating experiences and campaigns that stand out. We stir up a bold cocktail of forward-thinking creativity, relentless optimism, and contagious energy to build something extraordinary. Our strategy involves technology and design to make every interaction with a brand leave an impact."}]}},"_links":{"self":[{"href":"https:\/\/deshalb.de\/de\/wp-json\/wp\/v2\/pages\/231905","targetHints":{"allow":["GET"]}}],"collection":[{"href":"https:\/\/deshalb.de\/de\/wp-json\/wp\/v2\/pages"}],"about":[{"href":"https:\/\/deshalb.de\/de\/wp-json\/wp\/v2\/types\/page"}],"author":[{"embeddable":true,"href":"https:\/\/deshalb.de\/de\/wp-json\/wp\/v2\/users\/1"}],"replies":[{"embeddable":true,"href":"https:\/\/deshalb.de\/de\/wp-json\/wp\/v2\/comments?post=231905"}],"version-history":[{"count":9,"href":"https:\/\/deshalb.de\/de\/wp-json\/wp\/v2\/pages\/231905\/revisions"}],"predecessor-version":[{"id":232124,"href":"https:\/\/deshalb.de\/de\/wp-json\/wp\/v2\/pages\/231905\/revisions\/232124"}],"wp:attachment":[{"href":"https:\/\/deshalb.de\/de\/wp-json\/wp\/v2\/media?parent=231905"}],"wp:term":[{"taxonomy":"dipi_cpt_category","embeddable":true,"href":"https:\/\/deshalb.de\/de\/wp-json\/wp\/v2\/dipi_cpt_category?post=231905"}],"curies":[{"name":"wp","href":"https:\/\/api.w.org\/{rel}","templated":true}]}}